{"id":846,"date":"2024-10-11T19:33:02","date_gmt":"2024-10-11T19:33:02","guid":{"rendered":"https:\/\/heliopsi.com\/novo\/?page_id=846"},"modified":"2025-10-13T15:00:32","modified_gmt":"2025-10-13T14:00:32","slug":"sobre-nos","status":"publish","type":"page","link":"https:\/\/casanovaexpress.pt\/en\/sobre-nos\/","title":{"rendered":"About us"},"content":{"rendered":"<div data-elementor-type=\"wp-page\" data-elementor-id=\"846\" class=\"elementor elementor-846\">\n\t\t\t\t<div class=\"elementor-element elementor-element-f2d96c4 e-flex e-con-boxed wpr-particle-no wpr-jarallax-no wpr-parallax-no wpr-sticky-section-no e-con e-parent\" data-id=\"f2d96c4\" data-element_type=\"container\" data-settings=\"{&quot;background_background&quot;:&quot;classic&quot;}\">\n\t\t\t\t\t<div class=\"e-con-inner\">\n\t\t<div class=\"elementor-element elementor-element-05bcb6f e-con-full e-flex wpr-particle-no wpr-jarallax-no wpr-parallax-no wpr-sticky-section-no e-con e-child\" data-id=\"05bcb6f\" data-element_type=\"container\">\n\t\t\t\t<div class=\"elementor-element elementor-element-7f2d9b1 elementor-invisible elementor-widget elementor-widget-heading\" data-id=\"7f2d9b1\" data-element_type=\"widget\" data-settings=\"{&quot;_animation&quot;:&quot;fadeInUp&quot;}\" data-widget_type=\"heading.default\">\n\t\t\t\t<div class=\"elementor-widget-container\">\n\t\t\t\t\t<h2 class=\"elementor-heading-title elementor-size-default\">Sobre N\u00f3s<\/h2>\t\t\t\t<\/div>\n\t\t\t\t<\/div>\n\t\t\t\t<div class=\"elementor-element elementor-element-3d1f5e8 elementor-invisible elementor-widget elementor-widget-text-editor\" data-id=\"3d1f5e8\" data-element_type=\"widget\" data-settings=\"{&quot;_animation&quot;:&quot;fadeInLeft&quot;}\" data-widget_type=\"text-editor.default\">\n\t\t\t\t<div class=\"elementor-widget-container\">\n\t\t\t\t\t\t\t\t\t<h5>Na <strong data-start=\"115\" data-end=\"136\">Casa Nova Express<\/strong>, transformamos a sua mudan\u00e7a numa experi\u00eancia <b>simples e tranquila<\/b>. Sediados em Lisboa, mas realizamos mudan\u00e7as em todo o pa\u00eds e Europa, com servi\u00e7os completos de <b>desmontagem, montagem e embalamento seguro de m\u00f3veis e objetos<\/b>.\u00a0<\/h5><h5 data-start=\"112\" data-end=\"574\">Utilizamos materiais de prote\u00e7\u00e3o adequados para garantir que tudo chegue em perfeito estado. Trabalhamos com seriedade, dedica\u00e7\u00e3o e compromisso total com cada cliente \u2014 <b>a qualquer hora e em qualquer dia da semana.<\/b><\/h5><h5>Nossa miss\u00e3o \u00e9 construir la\u00e7os duradouros com nossos clientes, oferecendo um <b>servi\u00e7o personalizado<\/b> e transparente em todas as etapas da sua mudan\u00e7a.\u00a0<\/h5><h5>Conte connosco para uma mudan\u00e7a <b>sem stress e sem complica\u00e7\u00f5es.<\/b><\/h5>\t\t\t\t\t\t\t\t<\/div>\n\t\t\t\t<\/div>\n\t\t\t\t<\/div>\n\t\t\t\t\t<\/div>\n\t\t\t\t<\/div>\n\t\t<div class=\"elementor-element elementor-element-342694a e-con-full e-flex wpr-particle-no wpr-jarallax-no wpr-parallax-no wpr-sticky-section-no e-con e-parent\" data-id=\"342694a\" data-element_type=\"container\" data-settings=\"{&quot;background_background&quot;:&quot;classic&quot;}\">\n\t\t\t\t<div class=\"elementor-element elementor-element-0b383c4 elementor-arrows-position-inside elementor-widget elementor-widget-image-carousel\" data-id=\"0b383c4\" data-element_type=\"widget\" data-settings=\"{&quot;slides_to_show&quot;:&quot;4&quot;,&quot;navigation&quot;:&quot;arrows&quot;,&quot;autoplay_speed&quot;:50,&quot;speed&quot;:5000,&quot;autoplay&quot;:&quot;yes&quot;,&quot;pause_on_hover&quot;:&quot;yes&quot;,&quot;pause_on_interaction&quot;:&quot;yes&quot;,&quot;infinite&quot;:&quot;yes&quot;}\" data-widget_type=\"image-carousel.default\">\n\t\t\t\t<div class=\"elementor-widget-container\">\n\t\t\t\t\t\t\t<div class=\"elementor-image-carousel-wrapper swiper\" role=\"region\" aria-roledescription=\"carousel\" aria-label=\"Carrossel de imagens\" dir=\"ltr\">\n\t\t\t<div class=\"elementor-image-carousel swiper-wrapper\" aria-live=\"off\">\n\t\t\t\t\t\t\t\t<div class=\"swiper-slide\" role=\"group\" aria-roledescription=\"slide\" aria-label=\"1 of 10\" data-no-translation-aria-label=\"\"><a data-elementor-open-lightbox=\"yes\" data-elementor-lightbox-slideshow=\"0b383c4\" data-elementor-lightbox-title=\"IMG_2279\" data-e-action-hash=\"#elementor-action%3Aaction%3Dlightbox%26settings%3DeyJpZCI6MTM1NywidXJsIjoiaHR0cHM6XC9cL2Nhc2Fub3ZhZXhwcmVzcy5wdFwvd3AtY29udGVudFwvdXBsb2Fkc1wvMjAyNVwvMDlcL0lNR18yMjc5LXNjYWxlZC5qcGciLCJzbGlkZXNob3ciOiIwYjM4M2M0In0%3D\" href=\"https:\/\/casanovaexpress.pt\/wp-content\/uploads\/2025\/09\/IMG_2279-scaled.jpg\"><figure class=\"swiper-slide-inner\"><img decoding=\"async\" class=\"swiper-slide-image\" src=\"https:\/\/casanovaexpress.pt\/wp-content\/uploads\/2025\/09\/IMG_2279-scaled.jpg\" alt=\"IMG_2279\" title=\"\"><\/figure><\/a><\/div><div class=\"swiper-slide\" role=\"group\" aria-roledescription=\"slide\" aria-label=\"2 of 10\" data-no-translation-aria-label=\"\"><a data-elementor-open-lightbox=\"yes\" data-elementor-lightbox-slideshow=\"0b383c4\" data-elementor-lightbox-title=\"IMG_2281\" data-e-action-hash=\"#elementor-action%3Aaction%3Dlightbox%26settings%3DeyJpZCI6MTM1OCwidXJsIjoiaHR0cHM6XC9cL2Nhc2Fub3ZhZXhwcmVzcy5wdFwvd3AtY29udGVudFwvdXBsb2Fkc1wvMjAyNVwvMDlcL0lNR18yMjgxLXNjYWxlZC5qcGciLCJzbGlkZXNob3ciOiIwYjM4M2M0In0%3D\" href=\"https:\/\/casanovaexpress.pt\/wp-content\/uploads\/2025\/09\/IMG_2281-scaled.jpg\"><figure class=\"swiper-slide-inner\"><img decoding=\"async\" class=\"swiper-slide-image\" src=\"https:\/\/casanovaexpress.pt\/wp-content\/uploads\/2025\/09\/IMG_2281-scaled.jpg\" alt=\"IMG_2281\" title=\"\"><\/figure><\/a><\/div><div class=\"swiper-slide\" role=\"group\" aria-roledescription=\"slide\" aria-label=\"3 of 10\" data-no-translation-aria-label=\"\"><a data-elementor-open-lightbox=\"yes\" data-elementor-lightbox-slideshow=\"0b383c4\" data-elementor-lightbox-title=\"IMG_2658\" data-e-action-hash=\"#elementor-action%3Aaction%3Dlightbox%26settings%3DeyJpZCI6MTM1OSwidXJsIjoiaHR0cHM6XC9cL2Nhc2Fub3ZhZXhwcmVzcy5wdFwvd3AtY29udGVudFwvdXBsb2Fkc1wvMjAyNVwvMDlcL0lNR18yNjU4LXNjYWxlZC5qcGciLCJzbGlkZXNob3ciOiIwYjM4M2M0In0%3D\" href=\"https:\/\/casanovaexpress.pt\/wp-content\/uploads\/2025\/09\/IMG_2658-scaled.jpg\"><figure class=\"swiper-slide-inner\"><img decoding=\"async\" class=\"swiper-slide-image\" src=\"https:\/\/casanovaexpress.pt\/wp-content\/uploads\/2025\/09\/IMG_2658-scaled.jpg\" alt=\"IMG_2658\" title=\"\"><\/figure><\/a><\/div><div class=\"swiper-slide\" role=\"group\" aria-roledescription=\"slide\" aria-label=\"4 of 10\" data-no-translation-aria-label=\"\"><a data-elementor-open-lightbox=\"yes\" data-elementor-lightbox-slideshow=\"0b383c4\" data-elementor-lightbox-title=\"IMG_2661\" data-e-action-hash=\"#elementor-action%3Aaction%3Dlightbox%26settings%3DeyJpZCI6MTM2MCwidXJsIjoiaHR0cHM6XC9cL2Nhc2Fub3ZhZXhwcmVzcy5wdFwvd3AtY29udGVudFwvdXBsb2Fkc1wvMjAyNVwvMDlcL0lNR18yNjYxLXNjYWxlZC5qcGciLCJzbGlkZXNob3ciOiIwYjM4M2M0In0%3D\" href=\"https:\/\/casanovaexpress.pt\/wp-content\/uploads\/2025\/09\/IMG_2661-scaled.jpg\"><figure class=\"swiper-slide-inner\"><img decoding=\"async\" class=\"swiper-slide-image\" src=\"https:\/\/casanovaexpress.pt\/wp-content\/uploads\/2025\/09\/IMG_2661-scaled.jpg\" alt=\"IMG_2661\" title=\"\"><\/figure><\/a><\/div><div class=\"swiper-slide\" role=\"group\" aria-roledescription=\"slide\" aria-label=\"5 of 10\" data-no-translation-aria-label=\"\"><a data-elementor-open-lightbox=\"yes\" data-elementor-lightbox-slideshow=\"0b383c4\" data-elementor-lightbox-title=\"IMG_2674\" data-e-action-hash=\"#elementor-action%3Aaction%3Dlightbox%26settings%3DeyJpZCI6MTM2MSwidXJsIjoiaHR0cHM6XC9cL2Nhc2Fub3ZhZXhwcmVzcy5wdFwvd3AtY29udGVudFwvdXBsb2Fkc1wvMjAyNVwvMDlcL0lNR18yNjc0LXNjYWxlZC5qcGciLCJzbGlkZXNob3ciOiIwYjM4M2M0In0%3D\" href=\"https:\/\/casanovaexpress.pt\/wp-content\/uploads\/2025\/09\/IMG_2674-scaled.jpg\"><figure class=\"swiper-slide-inner\"><img decoding=\"async\" class=\"swiper-slide-image\" src=\"https:\/\/casanovaexpress.pt\/wp-content\/uploads\/2025\/09\/IMG_2674-scaled.jpg\" alt=\"IMG_2674\" title=\"\"><\/figure><\/a><\/div><div class=\"swiper-slide\" role=\"group\" aria-roledescription=\"slide\" aria-label=\"6 of 10\" data-no-translation-aria-label=\"\"><a data-elementor-open-lightbox=\"yes\" data-elementor-lightbox-slideshow=\"0b383c4\" data-elementor-lightbox-title=\"IMG_3038\" data-e-action-hash=\"#elementor-action%3Aaction%3Dlightbox%26settings%3DeyJpZCI6MTM2MiwidXJsIjoiaHR0cHM6XC9cL2Nhc2Fub3ZhZXhwcmVzcy5wdFwvd3AtY29udGVudFwvdXBsb2Fkc1wvMjAyNVwvMDlcL0lNR18zMDM4LXNjYWxlZC5qcGciLCJzbGlkZXNob3ciOiIwYjM4M2M0In0%3D\" href=\"https:\/\/casanovaexpress.pt\/wp-content\/uploads\/2025\/09\/IMG_3038-scaled.jpg\"><figure class=\"swiper-slide-inner\"><img decoding=\"async\" class=\"swiper-slide-image\" src=\"https:\/\/casanovaexpress.pt\/wp-content\/uploads\/2025\/09\/IMG_3038-scaled.jpg\" alt=\"IMG_3038\" title=\"\"><\/figure><\/a><\/div><div class=\"swiper-slide\" role=\"group\" aria-roledescription=\"slide\" aria-label=\"7 of 10\" data-no-translation-aria-label=\"\"><a data-elementor-open-lightbox=\"yes\" data-elementor-lightbox-slideshow=\"0b383c4\" data-elementor-lightbox-title=\"IMG_3039\" data-e-action-hash=\"#elementor-action%3Aaction%3Dlightbox%26settings%3DeyJpZCI6MTM2MywidXJsIjoiaHR0cHM6XC9cL2Nhc2Fub3ZhZXhwcmVzcy5wdFwvd3AtY29udGVudFwvdXBsb2Fkc1wvMjAyNVwvMDlcL0lNR18zMDM5LXNjYWxlZC5qcGciLCJzbGlkZXNob3ciOiIwYjM4M2M0In0%3D\" href=\"https:\/\/casanovaexpress.pt\/wp-content\/uploads\/2025\/09\/IMG_3039-scaled.jpg\"><figure class=\"swiper-slide-inner\"><img decoding=\"async\" class=\"swiper-slide-image\" src=\"https:\/\/casanovaexpress.pt\/wp-content\/uploads\/2025\/09\/IMG_3039-scaled.jpg\" alt=\"IMG_3039\" title=\"\"><\/figure><\/a><\/div><div class=\"swiper-slide\" role=\"group\" aria-roledescription=\"slide\" aria-label=\"8 of 10\" data-no-translation-aria-label=\"\"><a data-elementor-open-lightbox=\"yes\" data-elementor-lightbox-slideshow=\"0b383c4\" data-elementor-lightbox-title=\"IMG_3122\" data-e-action-hash=\"#elementor-action%3Aaction%3Dlightbox%26settings%3DeyJpZCI6MTM2NCwidXJsIjoiaHR0cHM6XC9cL2Nhc2Fub3ZhZXhwcmVzcy5wdFwvd3AtY29udGVudFwvdXBsb2Fkc1wvMjAyNVwvMDlcL0lNR18zMTIyLXNjYWxlZC5qcGciLCJzbGlkZXNob3ciOiIwYjM4M2M0In0%3D\" href=\"https:\/\/casanovaexpress.pt\/wp-content\/uploads\/2025\/09\/IMG_3122-scaled.jpg\"><figure class=\"swiper-slide-inner\"><img decoding=\"async\" class=\"swiper-slide-image\" src=\"https:\/\/casanovaexpress.pt\/wp-content\/uploads\/2025\/09\/IMG_3122-scaled.jpg\" alt=\"IMG_3122\" title=\"\"><\/figure><\/a><\/div><div class=\"swiper-slide\" role=\"group\" aria-roledescription=\"slide\" aria-label=\"9 of 10\" data-no-translation-aria-label=\"\"><a data-elementor-open-lightbox=\"yes\" data-elementor-lightbox-slideshow=\"0b383c4\" data-elementor-lightbox-title=\"servic\u0327o 2\" data-e-action-hash=\"#elementor-action%3Aaction%3Dlightbox%26settings%3DeyJpZCI6MTM2NSwidXJsIjoiaHR0cHM6XC9cL2Nhc2Fub3ZhZXhwcmVzcy5wdFwvd3AtY29udGVudFwvdXBsb2Fkc1wvMjAyNVwvMDlcL3NlcnZpY28tMi5qcGVnIiwic2xpZGVzaG93IjoiMGIzODNjNCJ9\" href=\"https:\/\/casanovaexpress.pt\/wp-content\/uploads\/2025\/09\/servico-2.jpeg\"><figure class=\"swiper-slide-inner\"><img decoding=\"async\" class=\"swiper-slide-image\" src=\"https:\/\/casanovaexpress.pt\/wp-content\/uploads\/2025\/09\/servico-2.jpeg\" alt=\"servic\u0327o 2\" title=\"\"><\/figure><\/a><\/div><div class=\"swiper-slide\" role=\"group\" aria-roledescription=\"slide\" aria-label=\"10 of 10\" data-no-translation-aria-label=\"\"><a data-elementor-open-lightbox=\"yes\" data-elementor-lightbox-slideshow=\"0b383c4\" data-elementor-lightbox-title=\"servic\u0327o\" data-e-action-hash=\"#elementor-action%3Aaction%3Dlightbox%26settings%3DeyJpZCI6MTM2NiwidXJsIjoiaHR0cHM6XC9cL2Nhc2Fub3ZhZXhwcmVzcy5wdFwvd3AtY29udGVudFwvdXBsb2Fkc1wvMjAyNVwvMDlcL3NlcnZpY28uanBlZyIsInNsaWRlc2hvdyI6IjBiMzgzYzQifQ%3D%3D\" href=\"https:\/\/casanovaexpress.pt\/wp-content\/uploads\/2025\/09\/servico.jpeg\"><figure class=\"swiper-slide-inner\"><img decoding=\"async\" class=\"swiper-slide-image\" src=\"https:\/\/casanovaexpress.pt\/wp-content\/uploads\/2025\/09\/servico.jpeg\" alt=\"servic\u0327o\" title=\"\"><\/figure><\/a><\/div>\t\t\t<\/div>\n\t\t\t\t\t\t\t\t\t\t\t\t<div class=\"elementor-swiper-button elementor-swiper-button-prev\" role=\"button\" tabindex=\"0\">\n\t\t\t\t\t\t<svg xmlns=\"http:\/\/www.w3.org\/2000\/svg\" xmlns:xlink=\"http:\/\/www.w3.org\/1999\/xlink\" id=\"Layer_1\" x=\"0px\" y=\"0px\" viewbox=\"0 0 512 512\" style=\"enable-background:new 0 0 512 512;\" xml:space=\"preserve\"><g>\t<g>\t\t<path d=\"M256,0C114.837,0,0,114.837,0,256s114.837,256,256,256s256-114.837,256-256S397.163,0,256,0z M313.749,347.584   c8.341,8.341,8.341,21.824,0,30.165c-4.16,4.16-9.621,6.251-15.083,6.251c-5.461,0-10.923-2.091-15.083-6.251L176.917,271.083   c-8.341-8.341-8.341-21.824,0-30.165l106.667-106.667c8.341-8.341,21.824-8.341,30.165,0s8.341,21.824,0,30.165L222.165,256   L313.749,347.584z\"><\/path>\t<\/g><\/g><g><\/g><g><\/g><g><\/g><g><\/g><g><\/g><g><\/g><g><\/g><g><\/g><g><\/g><g><\/g><g><\/g><g><\/g><g><\/g><g><\/g><g><\/g><\/svg>\t\t\t\t\t<\/div>\n\t\t\t\t\t<div class=\"elementor-swiper-button elementor-swiper-button-next\" role=\"button\" tabindex=\"0\">\n\t\t\t\t\t\t<svg xmlns=\"http:\/\/www.w3.org\/2000\/svg\" xmlns:xlink=\"http:\/\/www.w3.org\/1999\/xlink\" id=\"Layer_1\" x=\"0px\" y=\"0px\" viewbox=\"0 0 512 512\" style=\"enable-background:new 0 0 512 512;\" xml:space=\"preserve\"><g>\t<g>\t\t<path d=\"M256,0C114.837,0,0,114.837,0,256s114.837,256,256,256s256-114.837,256-256S397.163,0,256,0z M335.083,271.083   L228.416,377.749c-4.16,4.16-9.621,6.251-15.083,6.251c-5.461,0-10.923-2.091-15.083-6.251c-8.341-8.341-8.341-21.824,0-30.165   L289.835,256l-91.584-91.584c-8.341-8.341-8.341-21.824,0-30.165s21.824-8.341,30.165,0l106.667,106.667   C343.424,249.259,343.424,262.741,335.083,271.083z\"><\/path>\t<\/g><\/g><g><\/g><g><\/g><g><\/g><g><\/g><g><\/g><g><\/g><g><\/g><g><\/g><g><\/g><g><\/g><g><\/g><g><\/g><g><\/g><g><\/g><g><\/g><\/svg>\t\t\t\t\t<\/div>\n\t\t\t\t\n\t\t\t\t\t\t\t\t\t<\/div>\n\t\t\t\t\t\t<\/div>\n\t\t\t\t<\/div>\n\t\t\t\t<\/div>\n\t\t<div class=\"elementor-element elementor-element-471da0a e-flex e-con-boxed wpr-particle-no wpr-jarallax-no wpr-parallax-no wpr-sticky-section-no e-con e-parent\" data-id=\"471da0a\" data-element_type=\"container\" data-settings=\"{&quot;background_background&quot;:&quot;classic&quot;}\">\n\t\t\t\t\t<div class=\"e-con-inner\">\n\t\t\t\t<div class=\"elementor-element elementor-element-3cedd25 elementor-widget-divider--view-line elementor-widget elementor-widget-divider\" data-id=\"3cedd25\" data-element_type=\"widget\" data-widget_type=\"divider.default\">\n\t\t\t\t<div class=\"elementor-widget-container\">\n\t\t\t\t\t\t\t<div class=\"elementor-divider\">\n\t\t\t<span class=\"elementor-divider-separator\">\n\t\t\t\t\t\t<\/span>\n\t\t<\/div>\n\t\t\t\t\t\t<\/div>\n\t\t\t\t<\/div>\n\t\t\t\t\t<\/div>\n\t\t\t\t<\/div>\n\t\t\t\t<\/div>","protected":false},"excerpt":{"rendered":"<p>Sobre N\u00f3s Na Casa Nova Express, transformamos a sua mudan\u00e7a numa experi\u00eancia simples e tranquila. Sediados em Lisboa, mas realizamos mudan\u00e7as em todo o pa\u00eds e Europa, com servi\u00e7os completos de desmontagem, montagem e embalamento seguro de m\u00f3veis e objetos.\u00a0 Utilizamos materiais de prote\u00e7\u00e3o adequados para garantir que tudo chegue em perfeito estado. Trabalhamos com seriedade, dedica\u00e7\u00e3o e compromisso total com cada cliente \u2014 a qualquer hora e em qualquer dia da semana. Nossa miss\u00e3o \u00e9 construir la\u00e7os duradouros com nossos clientes, oferecendo um servi\u00e7o personalizado e transparente em todas as etapas da sua mudan\u00e7a.\u00a0 Conte connosco para uma mudan\u00e7a sem stress e sem complica\u00e7\u00f5es.<\/p>","protected":false},"author":2,"featured_media":0,"parent":0,"menu_order":0,"comment_status":"closed","ping_status":"closed","template":"elementor_header_footer","meta":{"footnotes":""},"class_list":["post-846","page","type-page","status-publish","hentry"],"_links":{"self":[{"href":"https:\/\/casanovaexpress.pt\/en\/wp-json\/wp\/v2\/pages\/846","targetHints":{"allow":["GET"]}}],"collection":[{"href":"https:\/\/casanovaexpress.pt\/en\/wp-json\/wp\/v2\/pages"}],"about":[{"href":"https:\/\/casanovaexpress.pt\/en\/wp-json\/wp\/v2\/types\/page"}],"author":[{"embeddable":true,"href":"https:\/\/casanovaexpress.pt\/en\/wp-json\/wp\/v2\/users\/2"}],"replies":[{"embeddable":true,"href":"https:\/\/casanovaexpress.pt\/en\/wp-json\/wp\/v2\/comments?post=846"}],"version-history":[{"count":16,"href":"https:\/\/casanovaexpress.pt\/en\/wp-json\/wp\/v2\/pages\/846\/revisions"}],"predecessor-version":[{"id":1886,"href":"https:\/\/casanovaexpress.pt\/en\/wp-json\/wp\/v2\/pages\/846\/revisions\/1886"}],"wp:attachment":[{"href":"https:\/\/casanovaexpress.pt\/en\/wp-json\/wp\/v2\/media?parent=846"}],"curies":[{"name":"wp","href":"https:\/\/api.w.org\/{rel}","templated":true}]}}