{"id":1487,"date":"2025-09-20T19:18:53","date_gmt":"2025-09-20T18:18:53","guid":{"rendered":"https:\/\/casanovaexpress.pt\/?page_id=1487"},"modified":"2025-10-14T17:38:46","modified_gmt":"2025-10-14T16:38:46","slug":"mudanca-empresarial","status":"publish","type":"page","link":"https:\/\/casanovaexpress.pt\/en\/mudanca-empresarial\/","title":{"rendered":"Mudan\u00e7a empresarial"},"content":{"rendered":"<div data-elementor-type=\"wp-page\" data-elementor-id=\"1487\" class=\"elementor elementor-1487\">\n\t\t\t\t<div class=\"elementor-element elementor-element-8ac436e e-flex e-con-boxed wpr-particle-no wpr-jarallax-no wpr-parallax-no wpr-sticky-section-no e-con e-parent\" data-id=\"8ac436e\" data-element_type=\"container\" data-settings=\"{&quot;background_background&quot;:&quot;classic&quot;}\">\n\t\t\t\t\t<div class=\"e-con-inner\">\n\t\t\t\t<div class=\"elementor-element elementor-element-f642a37 elementor-invisible elementor-widget elementor-widget-heading\" data-id=\"f642a37\" data-element_type=\"widget\" data-settings=\"{&quot;_animation&quot;:&quot;fadeInLeft&quot;}\" data-widget_type=\"heading.default\">\n\t\t\t\t<div class=\"elementor-widget-container\">\n\t\t\t\t\t<h2 class=\"elementor-heading-title elementor-size-default\">Mudan\u00e7as para empresas<\/h2>\t\t\t\t<\/div>\n\t\t\t\t<\/div>\n\t\t\t\t\t<\/div>\n\t\t\t\t<\/div>\n\t\t<div class=\"elementor-element elementor-element-3222b5a e-flex e-con-boxed wpr-particle-no wpr-jarallax-no wpr-parallax-no wpr-sticky-section-no e-con e-parent\" data-id=\"3222b5a\" data-element_type=\"container\" data-settings=\"{&quot;background_background&quot;:&quot;classic&quot;}\">\n\t\t\t\t\t<div class=\"e-con-inner\">\n\t\t\t\t<div class=\"elementor-element elementor-element-35a0611 elementor-widget-divider--view-line elementor-widget elementor-widget-divider\" data-id=\"35a0611\" data-element_type=\"widget\" data-widget_type=\"divider.default\">\n\t\t\t\t<div class=\"elementor-widget-container\">\n\t\t\t\t\t\t\t<div class=\"elementor-divider\">\n\t\t\t<span class=\"elementor-divider-separator\">\n\t\t\t\t\t\t<\/span>\n\t\t<\/div>\n\t\t\t\t\t\t<\/div>\n\t\t\t\t<\/div>\n\t\t\t\t\t<\/div>\n\t\t\t\t<\/div>\n\t\t<div class=\"elementor-element elementor-element-36ba98d e-flex e-con-boxed wpr-particle-no wpr-jarallax-no wpr-parallax-no wpr-sticky-section-no e-con e-parent\" data-id=\"36ba98d\" data-element_type=\"container\" data-settings=\"{&quot;background_background&quot;:&quot;classic&quot;}\">\n\t\t\t\t\t<div class=\"e-con-inner\">\n\t\t\t\t<div class=\"elementor-element elementor-element-d7d0ca1 elementor-invisible elementor-widget elementor-widget-text-editor\" data-id=\"d7d0ca1\" data-element_type=\"widget\" data-settings=\"{&quot;_animation&quot;:&quot;fadeInLeft&quot;}\" data-widget_type=\"text-editor.default\">\n\t\t\t\t<div class=\"elementor-widget-container\">\n\t\t\t\t\t\t\t\t\t<h5 style=\"text-align: center;\" data-start=\"249\" data-end=\"452\">Conhe\u00e7a nosso servi\u00e7o especializado em mudan\u00e7as para <strong data-start=\"362\" data-end=\"421\">escrit\u00f3rios, lojas, com\u00e9rcios e todo o tipo de empresas<\/strong>, sempre com o mesmo cuidado e compromisso que aplicamos em cada mudan\u00e7a residencial.<\/h5>\n<h5 style=\"text-align: center;\" data-start=\"249\" data-end=\"452\"><em>M\u00e1xima agilidade para que a sua empresa continue a funcionar sem interrup\u00e7\u00f5es.<\/em><\/h5>\n<h5 data-start=\"454\" data-end=\"895\">\u00a0<\/h5>\t\t\t\t\t\t\t\t<\/div>\n\t\t\t\t<\/div>\n\t\t\t\t\t<\/div>\n\t\t\t\t<\/div>\n\t\t<div class=\"elementor-element elementor-element-a6bfeca e-flex e-con-boxed wpr-particle-no wpr-jarallax-no wpr-parallax-no wpr-sticky-section-no e-con e-parent\" data-id=\"a6bfeca\" data-element_type=\"container\" data-settings=\"{&quot;background_background&quot;:&quot;classic&quot;}\">\n\t\t\t\t\t<div class=\"e-con-inner\">\n\t\t<div class=\"elementor-element elementor-element-cca533b e-con-full e-flex wpr-particle-no wpr-jarallax-no wpr-parallax-no wpr-sticky-section-no e-con e-child\" data-id=\"cca533b\" data-element_type=\"container\">\n\t\t\t\t<div class=\"elementor-element elementor-element-e37cf71 elementor-invisible elementor-widget elementor-widget-text-editor\" data-id=\"e37cf71\" data-element_type=\"widget\" data-settings=\"{&quot;_animation&quot;:&quot;fadeInLeft&quot;}\" data-widget_type=\"text-editor.default\">\n\t\t\t\t<div class=\"elementor-widget-container\">\n\t\t\t\t\t\t\t\t\t<h5 data-start=\"510\" data-end=\"804\"><strong>Mudan\u00e7as para Empresas \u2013 Escrit\u00f3rios, Lojas e Espa\u00e7os Comerciais:<\/strong><\/h5>\n<h5 data-start=\"510\" data-end=\"804\">\u00a0<\/h5>\n<h5 data-start=\"510\" data-end=\"804\"><img decoding=\"async\" class=\"emoji\" role=\"img\" draggable=\"false\" src=\"https:\/\/s.w.org\/images\/core\/emoji\/16.0.1\/svg\/1f539.svg\" alt=\"\ud83d\udd39\" title=\"\"> <strong data-start=\"513\" data-end=\"542\">Planeamento personalizado:<\/strong><br data-start=\"542\" data-end=\"545\" \/>Antes de qualquer mudan\u00e7a, realizamos uma avalia\u00e7\u00e3o detalhada do espa\u00e7o e das necessidades da empresa. Analisamos acessos, volume de mobili\u00e1rio e equipamentos, n\u00famero de colaboradores envolvidos e prazos desejados, para criar um plano de execu\u00e7\u00e3o eficiente.<\/h5>\n<h5 data-start=\"806\" data-end=\"1162\">\u00a0<\/h5>\n<h5 data-start=\"806\" data-end=\"1162\"><img decoding=\"async\" class=\"emoji\" role=\"img\" draggable=\"false\" src=\"https:\/\/s.w.org\/images\/core\/emoji\/16.0.1\/svg\/1f539.svg\" alt=\"\ud83d\udd39\" title=\"\"> <strong data-start=\"809\" data-end=\"859\">Transporte seguro de mobili\u00e1rio e equipamentos:<\/strong><br data-start=\"859\" data-end=\"862\" \/>Tratamos da desmontagem, transporte e montagem de <strong data-start=\"912\" data-end=\"978\">mesas, cadeiras, estantes, vitrinas e equipamentos eletr\u00f3nicos<\/strong>, garantindo prote\u00e7\u00e3o adequada para cada item. Utilizamos materiais espec\u00edficos para assegurar que todos os bens chegam em perfeito estado, prontos a serem utilizados no novo espa\u00e7o.<\/h5>\n<h5 data-start=\"1164\" data-end=\"1420\">\u00a0<\/h5>\n<h5 data-start=\"1164\" data-end=\"1420\"><img decoding=\"async\" class=\"emoji\" role=\"img\" draggable=\"false\" src=\"https:\/\/s.w.org\/images\/core\/emoji\/16.0.1\/svg\/1f539.svg\" alt=\"\ud83d\udd39\" title=\"\"> <strong data-start=\"1167\" data-end=\"1194\">Agilidade e organiza\u00e7\u00e3o:<\/strong><br data-start=\"1194\" data-end=\"1197\" \/>Sabemos que tempo \u00e9 dinheiro para qualquer empresa. Por isso, trabalhamos com equipas \u00e1geis e organizadas, para que a mudan\u00e7a seja conclu\u00edda no menor tempo poss\u00edvel, reduzindo interrup\u00e7\u00f5es no funcionamento do seu neg\u00f3cio.<\/h5>\t\t\t\t\t\t\t\t<\/div>\n\t\t\t\t<\/div>\n\t\t\t\t<div class=\"elementor-element elementor-element-1b5d8e6 elementor-align-center elementor-invisible elementor-widget elementor-widget-button\" data-id=\"1b5d8e6\" data-element_type=\"widget\" data-settings=\"{&quot;_animation&quot;:&quot;fadeInLeft&quot;}\" data-widget_type=\"button.default\">\n\t\t\t\t<div class=\"elementor-widget-container\">\n\t\t\t\t\t\t\t\t\t<div class=\"elementor-button-wrapper\">\n\t\t\t\t\t<a class=\"elementor-button elementor-button-link elementor-size-sm\" href=\"https:\/\/wa.me\/351939000893?text=Ol%C3%A1!%20Gostaria%20de%20solicitar%20um%20or%C3%A7amento.\" target=\"_blank\" rel=\"noopener\">\n\t\t\t\t\t\t<span class=\"elementor-button-content-wrapper\">\n\t\t\t\t\t\t<span class=\"elementor-button-icon\">\n\t\t\t\t<svg aria-hidden=\"true\" class=\"e-font-icon-svg e-fab-whatsapp\" viewbox=\"0 0 448 512\" xmlns=\"http:\/\/www.w3.org\/2000\/svg\"><path d=\"M380.9 97.1C339 55.1 283.2 32 223.9 32c-122.4 0-222 99.6-222 222 0 39.1 10.2 77.3 29.6 111L0 480l117.7-30.9c32.4 17.7 68.9 27 106.1 27h.1c122.3 0 224.1-99.6 224.1-222 0-59.3-25.2-115-67.1-157zm-157 341.6c-33.2 0-65.7-8.9-94-25.7l-6.7-4-69.8 18.3L72 359.2l-4.4-7c-18.5-29.4-28.2-63.3-28.2-98.2 0-101.7 82.8-184.5 184.6-184.5 49.3 0 95.6 19.2 130.4 54.1 34.8 34.9 56.2 81.2 56.1 130.5 0 101.8-84.9 184.6-186.6 184.6zm101.2-138.2c-5.5-2.8-32.8-16.2-37.9-18-5.1-1.9-8.8-2.8-12.5 2.8-3.7 5.6-14.3 18-17.6 21.8-3.2 3.7-6.5 4.2-12 1.4-32.6-16.3-54-29.1-75.5-66-5.7-9.8 5.7-9.1 16.3-30.3 1.8-3.7.9-6.9-.5-9.7-1.4-2.8-12.5-30.1-17.1-41.2-4.5-10.8-9.1-9.3-12.5-9.5-3.2-.2-6.9-.2-10.6-.2-3.7 0-9.7 1.4-14.8 6.9-5.1 5.6-19.4 19-19.4 46.3 0 27.3 19.9 53.7 22.6 57.4 2.8 3.7 39.1 59.7 94.8 83.8 35.2 15.2 49 16.5 66.6 13.9 10.7-1.6 32.8-13.4 37.4-26.4 4.6-13 4.6-24.1 3.2-26.4-1.3-2.5-5-3.9-10.5-6.6z\"><\/path><\/svg>\t\t\t<\/span>\n\t\t\t\t\t\t\t\t\t<span class=\"elementor-button-text\">Solicite um or\u00e7amento<\/span>\n\t\t\t\t\t<\/span>\n\t\t\t\t\t<\/a>\n\t\t\t\t<\/div>\n\t\t\t\t\t\t\t\t<\/div>\n\t\t\t\t<\/div>\n\t\t\t\t<\/div>\n\t\t<div class=\"elementor-element elementor-element-0ef56fe e-con-full e-flex wpr-particle-no wpr-jarallax-no wpr-parallax-no wpr-sticky-section-no e-con e-child\" data-id=\"0ef56fe\" data-element_type=\"container\">\n\t\t\t\t<div class=\"elementor-element elementor-element-e42165e elementor-widget__width-initial elementor-invisible elementor-widget elementor-widget-image\" data-id=\"e42165e\" data-element_type=\"widget\" data-settings=\"{&quot;_animation&quot;:&quot;fadeIn&quot;}\" data-widget_type=\"image.default\">\n\t\t\t\t<div class=\"elementor-widget-container\">\n\t\t\t\t\t\t\t\t\t\t\t\t\t\t\t<img fetchpriority=\"high\" decoding=\"async\" width=\"736\" height=\"1104\" src=\"https:\/\/casanovaexpress.pt\/wp-content\/uploads\/2025\/10\/mudancas-escritorio.jpeg\" class=\"attachment-full size-full wp-image-1652\" alt=\"\" srcset=\"https:\/\/casanovaexpress.pt\/wp-content\/uploads\/2025\/10\/mudancas-escritorio.jpeg 736w, https:\/\/casanovaexpress.pt\/wp-content\/uploads\/2025\/10\/mudancas-escritorio-200x300.jpeg 200w, https:\/\/casanovaexpress.pt\/wp-content\/uploads\/2025\/10\/mudancas-escritorio-683x1024.jpeg 683w\" sizes=\"(max-width: 736px) 100vw, 736px\" title=\"\">\t\t\t\t\t\t\t\t\t\t\t\t\t\t\t<\/div>\n\t\t\t\t<\/div>\n\t\t\t\t<\/div>\n\t\t\t\t\t<\/div>\n\t\t\t\t<\/div>\n\t\t<div class=\"elementor-element elementor-element-feeeb51 e-flex e-con-boxed wpr-particle-no wpr-jarallax-no wpr-parallax-no wpr-sticky-section-no e-con e-parent\" data-id=\"feeeb51\" data-element_type=\"container\" data-settings=\"{&quot;background_background&quot;:&quot;classic&quot;}\">\n\t\t\t\t\t<div class=\"e-con-inner\">\n\t\t\t\t<div class=\"elementor-element elementor-element-a27ccbe elementor-widget-divider--view-line elementor-widget elementor-widget-divider\" data-id=\"a27ccbe\" data-element_type=\"widget\" data-widget_type=\"divider.default\">\n\t\t\t\t<div class=\"elementor-widget-container\">\n\t\t\t\t\t\t\t<div class=\"elementor-divider\">\n\t\t\t<span class=\"elementor-divider-separator\">\n\t\t\t\t\t\t<\/span>\n\t\t<\/div>\n\t\t\t\t\t\t<\/div>\n\t\t\t\t<\/div>\n\t\t\t\t\t<\/div>\n\t\t\t\t<\/div>\n\t\t<div class=\"elementor-element elementor-element-3575c79 e-flex e-con-boxed wpr-particle-no wpr-jarallax-no wpr-parallax-no wpr-sticky-section-no e-con e-parent\" data-id=\"3575c79\" data-element_type=\"container\" data-settings=\"{&quot;background_background&quot;:&quot;classic&quot;,&quot;shape_divider_top&quot;:&quot;curve&quot;}\">\n\t\t\t\t\t<div class=\"e-con-inner\">\n\t\t\t\t<div class=\"elementor-shape elementor-shape-top\" aria-hidden=\"true\" data-negative=\"false\">\n\t\t\t<svg xmlns=\"http:\/\/www.w3.org\/2000\/svg\" viewbox=\"0 0 1000 100\" preserveaspectratio=\"none\">\n    <path class=\"elementor-shape-fill\" d=\"M1000,4.3V0H0v4.3C0.9,23.1,126.7,99.2,500,100S1000,22.7,1000,4.3z\"\/>\n<\/svg>\t\t<\/div>\n\t\t\t\t<div class=\"elementor-element elementor-element-3fd886c elementor-invisible elementor-widget elementor-widget-text-editor\" data-id=\"3fd886c\" data-element_type=\"widget\" data-settings=\"{&quot;_animation&quot;:&quot;fadeInDown&quot;}\" data-widget_type=\"text-editor.default\">\n\t\t\t\t<div class=\"elementor-widget-container\">\n\t\t\t\t\t\t\t\t\t<h5><strong>1. Esta mudan\u00e7a pode ser feita fora do hor\u00e1rio laboral ou ao fim de semana para evitar que o meu neg\u00f3cio fique parado por muito tempo?<\/strong><\/h5><p data-start=\"147\" data-end=\"359\"><b>Pode sim! <\/b>Oferecemos a possibilidade de realizar mudan\u00e7as <b>fora do hor\u00e1rio de expediente ou ao fim de semana<\/b>, permitindo que a empresa continue a operar <b>sem grandes impactos no seu dia a dia.<\/b><\/p>\t\t\t\t\t\t\t\t<\/div>\n\t\t\t\t<\/div>\n\t\t\t\t\t<\/div>\n\t\t\t\t<\/div>\n\t\t<div class=\"elementor-element elementor-element-7b28d5e e-flex e-con-boxed wpr-particle-no wpr-jarallax-no wpr-parallax-no wpr-sticky-section-no e-con e-parent\" data-id=\"7b28d5e\" data-element_type=\"container\" data-settings=\"{&quot;background_background&quot;:&quot;classic&quot;}\">\n\t\t\t\t\t<div class=\"e-con-inner\">\n\t\t\t\t<div class=\"elementor-element elementor-element-0ace2bc elementor-widget-divider--view-line elementor-widget elementor-widget-divider\" data-id=\"0ace2bc\" data-element_type=\"widget\" data-widget_type=\"divider.default\">\n\t\t\t\t<div class=\"elementor-widget-container\">\n\t\t\t\t\t\t\t<div class=\"elementor-divider\">\n\t\t\t<span class=\"elementor-divider-separator\">\n\t\t\t\t\t\t<\/span>\n\t\t<\/div>\n\t\t\t\t\t\t<\/div>\n\t\t\t\t<\/div>\n\t\t\t\t\t<\/div>\n\t\t\t\t<\/div>\n\t\t\t\t<\/div>","protected":false},"excerpt":{"rendered":"<p>Mudan\u00e7as para empresas Conhe\u00e7a nosso servi\u00e7o especializado em mudan\u00e7as para escrit\u00f3rios, lojas, com\u00e9rcios e todo o tipo de empresas, sempre com o mesmo cuidado e compromisso que aplicamos em cada mudan\u00e7a residencial. M\u00e1xima agilidade para que a sua empresa continue a funcionar sem interrup\u00e7\u00f5es. \u00a0 Mudan\u00e7as para Empresas \u2013 Escrit\u00f3rios, Lojas e Espa\u00e7os Comerciais: \u00a0 Planeamento personalizado:Antes de qualquer mudan\u00e7a, realizamos uma avalia\u00e7\u00e3o detalhada do espa\u00e7o e das necessidades da empresa. Analisamos acessos, volume de mobili\u00e1rio e equipamentos, n\u00famero de colaboradores envolvidos e prazos desejados, para criar um plano de execu\u00e7\u00e3o eficiente. \u00a0 Transporte seguro de mobili\u00e1rio e equipamentos:Tratamos da desmontagem, transporte e montagem de mesas, cadeiras, estantes, vitrinas e equipamentos eletr\u00f3nicos, garantindo prote\u00e7\u00e3o adequada para cada item. Utilizamos materiais espec\u00edficos para assegurar que todos os bens chegam em perfeito estado, prontos a serem utilizados no novo espa\u00e7o. \u00a0 Agilidade e organiza\u00e7\u00e3o:Sabemos que tempo \u00e9 dinheiro para qualquer empresa. Por isso, trabalhamos com equipas \u00e1geis e organizadas, para que a mudan\u00e7a seja conclu\u00edda no menor tempo poss\u00edvel, reduzindo interrup\u00e7\u00f5es no funcionamento do seu neg\u00f3cio. Solicite um or\u00e7amento 1. Esta mudan\u00e7a pode ser feita fora do hor\u00e1rio laboral ou ao fim de semana para evitar que o meu neg\u00f3cio fique parado por muito tempo? Pode sim! Oferecemos a possibilidade de realizar mudan\u00e7as fora do hor\u00e1rio de expediente ou ao fim de semana, permitindo que a empresa continue a operar sem grandes impactos no seu dia a dia.<\/p>","protected":false},"author":2,"featured_media":0,"parent":0,"menu_order":0,"comment_status":"closed","ping_status":"closed","template":"elementor_header_footer","meta":{"footnotes":""},"class_list":["post-1487","page","type-page","status-publish","hentry"],"_links":{"self":[{"href":"https:\/\/casanovaexpress.pt\/en\/wp-json\/wp\/v2\/pages\/1487","targetHints":{"allow":["GET"]}}],"collection":[{"href":"https:\/\/casanovaexpress.pt\/en\/wp-json\/wp\/v2\/pages"}],"about":[{"href":"https:\/\/casanovaexpress.pt\/en\/wp-json\/wp\/v2\/types\/page"}],"author":[{"embeddable":true,"href":"https:\/\/casanovaexpress.pt\/en\/wp-json\/wp\/v2\/users\/2"}],"replies":[{"embeddable":true,"href":"https:\/\/casanovaexpress.pt\/en\/wp-json\/wp\/v2\/comments?post=1487"}],"version-history":[{"count":37,"href":"https:\/\/casanovaexpress.pt\/en\/wp-json\/wp\/v2\/pages\/1487\/revisions"}],"predecessor-version":[{"id":1936,"href":"https:\/\/casanovaexpress.pt\/en\/wp-json\/wp\/v2\/pages\/1487\/revisions\/1936"}],"wp:attachment":[{"href":"https:\/\/casanovaexpress.pt\/en\/wp-json\/wp\/v2\/media?parent=1487"}],"curies":[{"name":"wp","href":"https:\/\/api.w.org\/{rel}","templated":true}]}}