{"id":1481,"date":"2025-09-20T19:14:37","date_gmt":"2025-09-20T18:14:37","guid":{"rendered":"https:\/\/casanovaexpress.pt\/?page_id=1481"},"modified":"2025-10-22T00:17:42","modified_gmt":"2025-10-21T23:17:42","slug":"mudanca-chave-na-mao","status":"publish","type":"page","link":"https:\/\/casanovaexpress.pt\/en\/mudanca-chave-na-mao\/","title":{"rendered":"Mudan\u00e7a chave na m\u00e3o"},"content":{"rendered":"<div data-elementor-type=\"wp-page\" data-elementor-id=\"1481\" class=\"elementor elementor-1481\">\n\t\t\t\t<div class=\"elementor-element elementor-element-1925f1d e-flex e-con-boxed wpr-particle-no wpr-jarallax-no wpr-parallax-no wpr-sticky-section-no e-con e-parent\" data-id=\"1925f1d\" data-element_type=\"container\" data-settings=\"{&quot;background_background&quot;:&quot;classic&quot;}\">\n\t\t\t\t\t<div class=\"e-con-inner\">\n\t\t\t\t<div class=\"elementor-element elementor-element-ddca803 elementor-invisible elementor-widget elementor-widget-heading\" data-id=\"ddca803\" data-element_type=\"widget\" data-settings=\"{&quot;_animation&quot;:&quot;fadeInLeft&quot;}\" data-widget_type=\"heading.default\">\n\t\t\t\t<div class=\"elementor-widget-container\">\n\t\t\t\t\t<h2 class=\"elementor-heading-title elementor-size-default\">Mudan\u00e7as Chave Na M\u00e3o <br><br> Tranquilidade do in\u00edcio ao fim<\/h2>\t\t\t\t<\/div>\n\t\t\t\t<\/div>\n\t\t\t\t\t<\/div>\n\t\t\t\t<\/div>\n\t\t<div class=\"elementor-element elementor-element-037309c e-flex e-con-boxed wpr-particle-no wpr-jarallax-no wpr-parallax-no wpr-sticky-section-no e-con e-parent\" data-id=\"037309c\" data-element_type=\"container\" data-settings=\"{&quot;background_background&quot;:&quot;classic&quot;}\">\n\t\t\t\t\t<div class=\"e-con-inner\">\n\t\t\t\t<div class=\"elementor-element elementor-element-11699b6 elementor-widget-divider--view-line elementor-widget elementor-widget-divider\" data-id=\"11699b6\" data-element_type=\"widget\" data-widget_type=\"divider.default\">\n\t\t\t\t<div class=\"elementor-widget-container\">\n\t\t\t\t\t\t\t<div class=\"elementor-divider\">\n\t\t\t<span class=\"elementor-divider-separator\">\n\t\t\t\t\t\t<\/span>\n\t\t<\/div>\n\t\t\t\t\t\t<\/div>\n\t\t\t\t<\/div>\n\t\t\t\t\t<\/div>\n\t\t\t\t<\/div>\n\t\t<div class=\"elementor-element elementor-element-72d0f14 e-flex e-con-boxed wpr-particle-no wpr-jarallax-no wpr-parallax-no wpr-sticky-section-no e-con e-parent\" data-id=\"72d0f14\" data-element_type=\"container\" data-settings=\"{&quot;background_background&quot;:&quot;classic&quot;}\">\n\t\t\t\t\t<div class=\"e-con-inner\">\n\t\t\t\t<div class=\"elementor-element elementor-element-7b72443 elementor-invisible elementor-widget elementor-widget-text-editor\" data-id=\"7b72443\" data-element_type=\"widget\" data-settings=\"{&quot;_animation&quot;:&quot;fadeInLeft&quot;}\" data-widget_type=\"text-editor.default\">\n\t\t\t\t<div class=\"elementor-widget-container\">\n\t\t\t\t\t\t\t\t\t<h5 style=\"text-align: center;\">Na Casa Nova Express, sabemos que mudar de casa ou escrit\u00f3rio pode ser um <b>processo exigente e stressante.<\/b><\/h5>\n<h5 style=\"text-align: center;\">Pensando nisso, cri\u00e1mos o servi\u00e7o de <b>Mudan\u00e7a Chave na M\u00e3o.<\/b><\/h5>\n<h5 style=\"text-align: center;\"><i>Ideal para quem deseja total <b>tranquilidade e comodidade.<\/b><\/i><\/h5>\t\t\t\t\t\t\t\t<\/div>\n\t\t\t\t<\/div>\n\t\t\t\t\t<\/div>\n\t\t\t\t<\/div>\n\t\t<div class=\"elementor-element elementor-element-4e45785 e-flex e-con-boxed wpr-particle-no wpr-jarallax-no wpr-parallax-no wpr-sticky-section-no e-con e-parent\" data-id=\"4e45785\" data-element_type=\"container\" data-settings=\"{&quot;background_background&quot;:&quot;classic&quot;}\">\n\t\t\t\t\t<div class=\"e-con-inner\">\n\t\t<div class=\"elementor-element elementor-element-bbd4fa1 e-con-full e-flex wpr-particle-no wpr-jarallax-no wpr-parallax-no wpr-sticky-section-no e-con e-child\" data-id=\"bbd4fa1\" data-element_type=\"container\">\n\t\t\t\t<div class=\"elementor-element elementor-element-b5773ab elementor-invisible elementor-widget elementor-widget-text-editor\" data-id=\"b5773ab\" data-element_type=\"widget\" data-settings=\"{&quot;_animation&quot;:&quot;fadeInLeft&quot;}\" data-widget_type=\"text-editor.default\">\n\t\t\t\t<div class=\"elementor-widget-container\">\n\t\t\t\t\t\t\t\t\t<h5 data-start=\"412\" data-end=\"711\">Com este servi\u00e7o, o cliente literalmente entrega a <b>chave na nossa m\u00e3o e n\u00f3s tratamos de tudo.<\/b> Desde a desmontagem e montagem de todos os m\u00f3veis, at\u00e9 ao embalamento completo de cada objeto, garantindo que todo o recheio da sua casa ou empresa seja <b>cuidadosamente protegido e transportado em seguran\u00e7a.&nbsp;<\/b><\/h5>\n<h5><b>Fornecemos todo o material necess\u00e1rio para a realiza\u00e7\u00e3o deste servi\u00e7o, como:<\/b> caixas de transportes pequenas, m\u00e9dias e grandes, pl\u00e1stico bolha, cart\u00e3o canelado, fita-cola, pl\u00e1stico-filme e mantas de prote\u00e7\u00e3o.<\/h5>\n<h5>&nbsp;<\/h5>\n<h5><strong><img decoding=\"async\" class=\"emoji\" role=\"img\" draggable=\"false\" src=\"https:\/\/s.w.org\/images\/core\/emoji\/16.0.1\/svg\/1f539.svg\" alt=\"\ud83d\udd39\" title=\"\"> Prote\u00e7\u00e3o e seguran\u00e7a em cada detalhe:<\/strong><\/h5>\n<h5>Utilizamos materiais de embalamento adequados a cada tipo de item \u2013 desde m\u00f3veis volumosos at\u00e9 pe\u00e7as delicadas. Loi\u00e7as, copos, ta\u00e7as e garrafas s\u00e3o acondicionados com t\u00e9cnicas espec\u00edficas para assegurar que chegam intactos ao destino.<\/h5>\n<h5>&nbsp;<\/h5>\n<h5><img decoding=\"async\" class=\"emoji\" role=\"img\" draggable=\"false\" src=\"https:\/\/s.w.org\/images\/core\/emoji\/16.0.1\/svg\/1f539.svg\" alt=\"\ud83d\udd39\" title=\"\"> <b>Organiza\u00e7\u00e3o e efici\u00eancia:<\/b><\/h5>\n<h5>Embalamos todos os seus pertences cuidadosamente e identificamos cada caixa\/objeto para que a organiza\u00e7\u00e3o da mudan\u00e7a seja clara e pr\u00e1tica.<\/h5>\n<h5>&nbsp;<\/h5>\n<h5><img decoding=\"async\" class=\"emoji\" role=\"img\" draggable=\"false\" src=\"https:\/\/s.w.org\/images\/core\/emoji\/16.0.1\/svg\/1f539.svg\" alt=\"\ud83d\udd39\" title=\"\"> <b>Zero preocupa\u00e7\u00f5es para si:<\/b><\/h5>\n<h5>Voc\u00ea n\u00e3o precisa embalar, desmontar ou organizar nada. A nossa equipa trata de todo o processo com profissionalismo, compromisso e m\u00e1xima dedica\u00e7\u00e3o. O \u00fanico papel do cliente \u00e9 aguardar pela conclus\u00e3o do servi\u00e7o e desfrutar da sua nova casa ou espa\u00e7o.<\/h5>\n<h5>Com a <strong data-start=\"1503\" data-end=\"1527\">Mudan\u00e7a Chave na M\u00e3o<\/strong>, garantimos uma experi\u00eancia <b>tranquila, segura e eficiente,<\/b> para que a sua \u00fanica preocupa\u00e7\u00e3o seja aproveitar a nova etapa da sua vida.<\/h5>\n<h5>&nbsp;<\/h5>\t\t\t\t\t\t\t\t<\/div>\n\t\t\t\t<\/div>\n\t\t\t\t<div class=\"elementor-element elementor-element-c0fcf21 elementor-align-center elementor-invisible elementor-widget elementor-widget-button\" data-id=\"c0fcf21\" data-element_type=\"widget\" data-settings=\"{&quot;_animation&quot;:&quot;fadeInLeft&quot;}\" data-widget_type=\"button.default\">\n\t\t\t\t<div class=\"elementor-widget-container\">\n\t\t\t\t\t\t\t\t\t<div class=\"elementor-button-wrapper\">\n\t\t\t\t\t<a class=\"elementor-button elementor-button-link elementor-size-sm\" href=\"https:\/\/wa.me\/351939000893?text=Ol%C3%A1!%20Gostaria%20de%20solicitar%20um%20or%C3%A7amento.\" target=\"_blank\" rel=\"noopener\">\n\t\t\t\t\t\t<span class=\"elementor-button-content-wrapper\">\n\t\t\t\t\t\t<span class=\"elementor-button-icon\">\n\t\t\t\t<svg aria-hidden=\"true\" class=\"e-font-icon-svg e-fab-whatsapp\" viewbox=\"0 0 448 512\" xmlns=\"http:\/\/www.w3.org\/2000\/svg\"><path d=\"M380.9 97.1C339 55.1 283.2 32 223.9 32c-122.4 0-222 99.6-222 222 0 39.1 10.2 77.3 29.6 111L0 480l117.7-30.9c32.4 17.7 68.9 27 106.1 27h.1c122.3 0 224.1-99.6 224.1-222 0-59.3-25.2-115-67.1-157zm-157 341.6c-33.2 0-65.7-8.9-94-25.7l-6.7-4-69.8 18.3L72 359.2l-4.4-7c-18.5-29.4-28.2-63.3-28.2-98.2 0-101.7 82.8-184.5 184.6-184.5 49.3 0 95.6 19.2 130.4 54.1 34.8 34.9 56.2 81.2 56.1 130.5 0 101.8-84.9 184.6-186.6 184.6zm101.2-138.2c-5.5-2.8-32.8-16.2-37.9-18-5.1-1.9-8.8-2.8-12.5 2.8-3.7 5.6-14.3 18-17.6 21.8-3.2 3.7-6.5 4.2-12 1.4-32.6-16.3-54-29.1-75.5-66-5.7-9.8 5.7-9.1 16.3-30.3 1.8-3.7.9-6.9-.5-9.7-1.4-2.8-12.5-30.1-17.1-41.2-4.5-10.8-9.1-9.3-12.5-9.5-3.2-.2-6.9-.2-10.6-.2-3.7 0-9.7 1.4-14.8 6.9-5.1 5.6-19.4 19-19.4 46.3 0 27.3 19.9 53.7 22.6 57.4 2.8 3.7 39.1 59.7 94.8 83.8 35.2 15.2 49 16.5 66.6 13.9 10.7-1.6 32.8-13.4 37.4-26.4 4.6-13 4.6-24.1 3.2-26.4-1.3-2.5-5-3.9-10.5-6.6z\"><\/path><\/svg>\t\t\t<\/span>\n\t\t\t\t\t\t\t\t\t<span class=\"elementor-button-text\">Solicite um or\u00e7amento<\/span>\n\t\t\t\t\t<\/span>\n\t\t\t\t\t<\/a>\n\t\t\t\t<\/div>\n\t\t\t\t\t\t\t\t<\/div>\n\t\t\t\t<\/div>\n\t\t\t\t<\/div>\n\t\t<div class=\"elementor-element elementor-element-6d8045b e-con-full e-flex wpr-particle-no wpr-jarallax-no wpr-parallax-no wpr-sticky-section-no e-con e-child\" data-id=\"6d8045b\" data-element_type=\"container\">\n\t\t\t\t<div class=\"elementor-element elementor-element-b9bd189 elementor-widget__width-initial elementor-invisible elementor-widget elementor-widget-image\" data-id=\"b9bd189\" data-element_type=\"widget\" data-settings=\"{&quot;_animation&quot;:&quot;fadeIn&quot;}\" data-widget_type=\"image.default\">\n\t\t\t\t<div class=\"elementor-widget-container\">\n\t\t\t\t\t\t\t\t\t\t\t\t\t\t\t<img fetchpriority=\"high\" decoding=\"async\" width=\"1080\" height=\"1350\" src=\"https:\/\/casanovaexpress.pt\/wp-content\/uploads\/2025\/09\/chave-na-mao.png\" class=\"attachment-full size-full wp-image-1506\" alt=\"\" srcset=\"https:\/\/casanovaexpress.pt\/wp-content\/uploads\/2025\/09\/chave-na-mao.png 1080w, https:\/\/casanovaexpress.pt\/wp-content\/uploads\/2025\/09\/chave-na-mao-240x300.png 240w, https:\/\/casanovaexpress.pt\/wp-content\/uploads\/2025\/09\/chave-na-mao-819x1024.png 819w, https:\/\/casanovaexpress.pt\/wp-content\/uploads\/2025\/09\/chave-na-mao-768x960.png 768w\" sizes=\"(max-width: 1080px) 100vw, 1080px\" title=\"\">\t\t\t\t\t\t\t\t\t\t\t\t\t\t\t<\/div>\n\t\t\t\t<\/div>\n\t\t\t\t<\/div>\n\t\t\t\t\t<\/div>\n\t\t\t\t<\/div>\n\t\t<div class=\"elementor-element elementor-element-c700504 e-flex e-con-boxed wpr-particle-no wpr-jarallax-no wpr-parallax-no wpr-sticky-section-no e-con e-parent\" data-id=\"c700504\" data-element_type=\"container\" data-settings=\"{&quot;background_background&quot;:&quot;classic&quot;}\">\n\t\t\t\t\t<div class=\"e-con-inner\">\n\t\t\t\t<div class=\"elementor-element elementor-element-e4a84b9 elementor-widget-divider--view-line elementor-widget elementor-widget-divider\" data-id=\"e4a84b9\" data-element_type=\"widget\" data-widget_type=\"divider.default\">\n\t\t\t\t<div class=\"elementor-widget-container\">\n\t\t\t\t\t\t\t<div class=\"elementor-divider\">\n\t\t\t<span class=\"elementor-divider-separator\">\n\t\t\t\t\t\t<\/span>\n\t\t<\/div>\n\t\t\t\t\t\t<\/div>\n\t\t\t\t<\/div>\n\t\t\t\t\t<\/div>\n\t\t\t\t<\/div>\n\t\t<div class=\"elementor-element elementor-element-1523828 e-flex e-con-boxed wpr-particle-no wpr-jarallax-no wpr-parallax-no wpr-sticky-section-no e-con e-parent\" data-id=\"1523828\" data-element_type=\"container\" data-settings=\"{&quot;background_background&quot;:&quot;classic&quot;,&quot;shape_divider_top&quot;:&quot;curve&quot;}\">\n\t\t\t\t\t<div class=\"e-con-inner\">\n\t\t\t\t<div class=\"elementor-shape elementor-shape-top\" aria-hidden=\"true\" data-negative=\"false\">\n\t\t\t<svg xmlns=\"http:\/\/www.w3.org\/2000\/svg\" viewbox=\"0 0 1000 100\" preserveaspectratio=\"none\">\n    <path class=\"elementor-shape-fill\" d=\"M1000,4.3V0H0v4.3C0.9,23.1,126.7,99.2,500,100S1000,22.7,1000,4.3z\"\/>\n<\/svg>\t\t<\/div>\n\t\t\t\t<div class=\"elementor-element elementor-element-d4e7fd0 elementor-invisible elementor-widget elementor-widget-text-editor\" data-id=\"d4e7fd0\" data-element_type=\"widget\" data-settings=\"{&quot;_animation&quot;:&quot;fadeInDown&quot;}\" data-widget_type=\"text-editor.default\">\n\t\t\t\t<div class=\"elementor-widget-container\">\n\t\t\t\t\t\t\t\t\t<h5><strong>1. Tenho interesse! Quais s\u00e3o os pr\u00f3ximos passos?<\/strong><\/h5>\n<p data-start=\"147\" data-end=\"359\">Ap\u00f3s a sua confirma\u00e7\u00e3o do servi\u00e7o <strong data-start=\"181\" data-end=\"197\">Chave na M\u00e3o<\/strong>, a <strong data-start=\"201\" data-end=\"222\">Casa Nova Express<\/strong> organiza uma <strong data-start=\"236\" data-end=\"263\">visita t\u00e9cnica ao local<\/strong> para garantir um planeamento detalhado e preciso da sua mudan\u00e7a. Durante esta visita, iremos:<\/p>\n<p data-start=\"147\" data-end=\"359\"><span style=\"background-color: transparent;\" data-start=\"364\" data-end=\"386\"><b>1.<\/b>\u00a0<\/span><strong style=\"background-color: transparent;\" data-start=\"364\" data-end=\"386\">Avaliar os acessos<\/strong><span style=\"background-color: transparent;\"> \u2013 verificamos a localiza\u00e7\u00e3o, o andar e se existe ou n\u00e3o elevador, para definir a melhor log\u00edstica de transporte.<\/span><\/p>\n<p data-start=\"147\" data-end=\"359\"><span style=\"background-color: transparent;\" data-start=\"505\" data-end=\"528\"><b>2.<\/b>\u00a0<\/span><strong style=\"background-color: transparent;\" data-start=\"505\" data-end=\"528\">Analisar os volumes<\/strong><span style=\"background-color: transparent;\"> \u2013 contabilizamos todos os m\u00f3veis, os respetivos tamanhos, pesos e caracter\u00edsticas espec\u00edficas que exigem maior cuidado.<\/span><\/p>\n<p data-start=\"147\" data-end=\"359\"><span style=\"background-color: transparent;\" data-start=\"654\" data-end=\"689\"><b>3.<\/b>\u00a0<\/span><strong style=\"background-color: transparent;\" data-start=\"654\" data-end=\"689\">Identificar a tipologia da casa<\/strong><span style=\"background-color: transparent;\"> \u2013 registamos o n\u00famero de divis\u00f5es e a complexidade da organiza\u00e7\u00e3o, garantindo que tudo ser\u00e1 embalado e transportado de forma eficiente.<\/span><\/p>\n<p data-start=\"829\" data-end=\"1034\">Com todas estas informa\u00e7\u00f5es, elaboramos um <strong data-start=\"872\" data-end=\"914\">or\u00e7amento personalizado e transparente<\/strong>, ajustado \u00e0s necessidades da sua mudan\u00e7a, assegurando que cada detalhe ser\u00e1 tratado com profissionalismo e dedica\u00e7\u00e3o.<\/p>\t\t\t\t\t\t\t\t<\/div>\n\t\t\t\t<\/div>\n\t\t\t\t\t<\/div>\n\t\t\t\t<\/div>\n\t\t<div class=\"elementor-element elementor-element-d2f53ca e-flex e-con-boxed wpr-particle-no wpr-jarallax-no wpr-parallax-no wpr-sticky-section-no e-con e-parent\" data-id=\"d2f53ca\" data-element_type=\"container\" data-settings=\"{&quot;background_background&quot;:&quot;classic&quot;}\">\n\t\t\t\t\t<div class=\"e-con-inner\">\n\t\t\t\t<div class=\"elementor-element elementor-element-78c0651 elementor-invisible elementor-widget elementor-widget-text-editor\" data-id=\"78c0651\" data-element_type=\"widget\" data-settings=\"{&quot;_animation&quot;:&quot;fadeInDown&quot;}\" data-widget_type=\"text-editor.default\">\n\t\t\t\t<div class=\"elementor-widget-container\">\n\t\t\t\t\t\t\t\t\t<h5><b>2. O que inclui este servi\u00e7o?<\/b><\/h5>\n<p data-start=\"150\" data-end=\"321\">Tudo o que precisa para a sua mudan\u00e7a est\u00e1 inclu\u00eddo:<\/p>\n<p data-start=\"150\" data-end=\"321\"><span style=\"background-color: transparent;\" data-start=\"325\" data-end=\"358\"><b>1.<\/b>\u00a0<\/span><strong style=\"background-color: transparent;\" data-start=\"325\" data-end=\"358\">Visita t\u00e9cnica para or\u00e7amento<\/strong><span style=\"background-color: transparent;\"> \u2013 avaliamos o local, os acessos e os volumes para apresentar uma proposta justa e adequada, como citamos acima.<\/span><\/p>\n<p data-start=\"150\" data-end=\"321\"><span style=\"background-color: transparent;\" data-start=\"455\" data-end=\"494\"><b>2.<\/b>\u00a0<\/span><strong style=\"background-color: transparent;\" data-start=\"455\" data-end=\"494\">Materiais de prote\u00e7\u00e3o e embalamento<\/strong><span style=\"background-color: transparent;\"> \u2013 fornecemos todo o material necess\u00e1rio, incluindo caixas de transporte (pequenas, m\u00e9dias e grandes), fita-cola, pl\u00e1stico bolha, cart\u00e3o canelado, pl\u00e1stico-filme, mantas de prote\u00e7\u00e3o e outros recursos essenciais para manter os seus bens seguros.<\/span><\/p>\n<p data-start=\"150\" data-end=\"321\"><span style=\"background-color: transparent;\" data-start=\"743\" data-end=\"765\"><b>3.<\/b>\u00a0<\/span><strong style=\"background-color: transparent;\" data-start=\"743\" data-end=\"765\">Log\u00edstica completa<\/strong><span style=\"background-color: transparent;\"> \u2013 cuidamos de todo o processo de transporte, incluindo os valores de desloca\u00e7\u00e3o, combust\u00edvel e portagens.<\/span><\/p>\n<p data-start=\"895\" data-end=\"1046\">Com este servi\u00e7o, n\u00e3o precisa preocupar-se com nada: n\u00f3s tratamos de cada detalhe, desde a desmontagem e embalamento at\u00e9 a entrega segura no destino.<\/p>\t\t\t\t\t\t\t\t<\/div>\n\t\t\t\t<\/div>\n\t\t\t\t\t<\/div>\n\t\t\t\t<\/div>\n\t\t<div class=\"elementor-element elementor-element-e1db670 e-flex e-con-boxed wpr-particle-no wpr-jarallax-no wpr-parallax-no wpr-sticky-section-no e-con e-parent\" data-id=\"e1db670\" data-element_type=\"container\" data-settings=\"{&quot;background_background&quot;:&quot;classic&quot;}\">\n\t\t\t\t\t<div class=\"e-con-inner\">\n\t\t\t\t<div class=\"elementor-element elementor-element-b61cdc7 elementor-align-center elementor-invisible elementor-widget elementor-widget-button\" data-id=\"b61cdc7\" data-element_type=\"widget\" data-settings=\"{&quot;_animation&quot;:&quot;fadeInDown&quot;}\" data-widget_type=\"button.default\">\n\t\t\t\t<div class=\"elementor-widget-container\">\n\t\t\t\t\t\t\t\t\t<div class=\"elementor-button-wrapper\">\n\t\t\t\t\t<a class=\"elementor-button elementor-button-link elementor-size-sm\" href=\"https:\/\/wa.me\/351939000893?text=Ol%C3%A1!%20Gostaria%20de%20solicitar%20um%20or%C3%A7amento.\" target=\"_blank\" rel=\"noopener\">\n\t\t\t\t\t\t<span class=\"elementor-button-content-wrapper\">\n\t\t\t\t\t\t<span class=\"elementor-button-icon\">\n\t\t\t\t<svg aria-hidden=\"true\" class=\"e-font-icon-svg e-fab-whatsapp\" viewbox=\"0 0 448 512\" xmlns=\"http:\/\/www.w3.org\/2000\/svg\"><path d=\"M380.9 97.1C339 55.1 283.2 32 223.9 32c-122.4 0-222 99.6-222 222 0 39.1 10.2 77.3 29.6 111L0 480l117.7-30.9c32.4 17.7 68.9 27 106.1 27h.1c122.3 0 224.1-99.6 224.1-222 0-59.3-25.2-115-67.1-157zm-157 341.6c-33.2 0-65.7-8.9-94-25.7l-6.7-4-69.8 18.3L72 359.2l-4.4-7c-18.5-29.4-28.2-63.3-28.2-98.2 0-101.7 82.8-184.5 184.6-184.5 49.3 0 95.6 19.2 130.4 54.1 34.8 34.9 56.2 81.2 56.1 130.5 0 101.8-84.9 184.6-186.6 184.6zm101.2-138.2c-5.5-2.8-32.8-16.2-37.9-18-5.1-1.9-8.8-2.8-12.5 2.8-3.7 5.6-14.3 18-17.6 21.8-3.2 3.7-6.5 4.2-12 1.4-32.6-16.3-54-29.1-75.5-66-5.7-9.8 5.7-9.1 16.3-30.3 1.8-3.7.9-6.9-.5-9.7-1.4-2.8-12.5-30.1-17.1-41.2-4.5-10.8-9.1-9.3-12.5-9.5-3.2-.2-6.9-.2-10.6-.2-3.7 0-9.7 1.4-14.8 6.9-5.1 5.6-19.4 19-19.4 46.3 0 27.3 19.9 53.7 22.6 57.4 2.8 3.7 39.1 59.7 94.8 83.8 35.2 15.2 49 16.5 66.6 13.9 10.7-1.6 32.8-13.4 37.4-26.4 4.6-13 4.6-24.1 3.2-26.4-1.3-2.5-5-3.9-10.5-6.6z\"><\/path><\/svg>\t\t\t<\/span>\n\t\t\t\t\t\t\t\t\t<span class=\"elementor-button-text\">Solicite um or\u00e7amento<\/span>\n\t\t\t\t\t<\/span>\n\t\t\t\t\t<\/a>\n\t\t\t\t<\/div>\n\t\t\t\t\t\t\t\t<\/div>\n\t\t\t\t<\/div>\n\t\t\t\t\t<\/div>\n\t\t\t\t<\/div>\n\t\t<div class=\"elementor-element elementor-element-9dc9df8 e-flex e-con-boxed wpr-particle-no wpr-jarallax-no wpr-parallax-no wpr-sticky-section-no e-con e-parent\" data-id=\"9dc9df8\" data-element_type=\"container\" data-settings=\"{&quot;background_background&quot;:&quot;classic&quot;}\">\n\t\t\t\t\t<div class=\"e-con-inner\">\n\t\t\t\t<div class=\"elementor-element elementor-element-e7f4c75 elementor-widget-divider--view-line elementor-widget elementor-widget-divider\" data-id=\"e7f4c75\" data-element_type=\"widget\" data-widget_type=\"divider.default\">\n\t\t\t\t<div class=\"elementor-widget-container\">\n\t\t\t\t\t\t\t<div class=\"elementor-divider\">\n\t\t\t<span class=\"elementor-divider-separator\">\n\t\t\t\t\t\t<\/span>\n\t\t<\/div>\n\t\t\t\t\t\t<\/div>\n\t\t\t\t<\/div>\n\t\t\t\t\t<\/div>\n\t\t\t\t<\/div>\n\t\t\t\t<\/div>","protected":false},"excerpt":{"rendered":"<p>Mudan\u00e7as Chave Na M\u00e3o Tranquilidade do in\u00edcio ao fim Na Casa Nova Express, sabemos que mudar de casa ou escrit\u00f3rio pode ser um processo exigente e stressante. Pensando nisso, cri\u00e1mos o servi\u00e7o de Mudan\u00e7a Chave na M\u00e3o. Ideal para quem deseja total tranquilidade e comodidade. Com este servi\u00e7o, o cliente literalmente entrega a chave na nossa m\u00e3o e n\u00f3s tratamos de tudo. Desde a desmontagem e montagem de todos os m\u00f3veis, at\u00e9 ao embalamento completo de cada objeto, garantindo que todo o recheio da sua casa ou empresa seja cuidadosamente protegido e transportado em seguran\u00e7a.&nbsp; Fornecemos todo o material necess\u00e1rio para a realiza\u00e7\u00e3o deste servi\u00e7o, como: caixas de transportes pequenas, m\u00e9dias e grandes, pl\u00e1stico bolha, cart\u00e3o canelado, fita-cola, pl\u00e1stico-filme e mantas de prote\u00e7\u00e3o. &nbsp; Prote\u00e7\u00e3o e seguran\u00e7a em cada detalhe: Utilizamos materiais de embalamento adequados a cada tipo de item \u2013 desde m\u00f3veis volumosos at\u00e9 pe\u00e7as delicadas. Loi\u00e7as, copos, ta\u00e7as e garrafas s\u00e3o acondicionados com t\u00e9cnicas espec\u00edficas para assegurar que chegam intactos ao destino. &nbsp; Organiza\u00e7\u00e3o e efici\u00eancia: Embalamos todos os seus pertences cuidadosamente e identificamos cada caixa\/objeto para que a organiza\u00e7\u00e3o da mudan\u00e7a seja clara e pr\u00e1tica. &nbsp; Zero preocupa\u00e7\u00f5es para si: Voc\u00ea n\u00e3o precisa embalar, desmontar ou organizar nada. A nossa equipa trata de todo o processo com profissionalismo, compromisso e m\u00e1xima dedica\u00e7\u00e3o. O \u00fanico papel do cliente \u00e9 aguardar pela conclus\u00e3o do servi\u00e7o e desfrutar da sua nova casa ou espa\u00e7o. Com a Mudan\u00e7a Chave na M\u00e3o, garantimos uma experi\u00eancia tranquila, segura e eficiente, para que a sua \u00fanica preocupa\u00e7\u00e3o seja aproveitar a nova etapa da sua vida. &nbsp; Solicite um or\u00e7amento 1. Tenho interesse! Quais s\u00e3o os pr\u00f3ximos passos? Ap\u00f3s a sua confirma\u00e7\u00e3o do servi\u00e7o Chave na M\u00e3o, a Casa Nova Express organiza uma visita t\u00e9cnica ao local para garantir um planeamento detalhado e preciso da sua mudan\u00e7a. Durante esta visita, iremos: 1.\u00a0Avaliar os acessos \u2013 verificamos a localiza\u00e7\u00e3o, o andar e se existe ou n\u00e3o elevador, para definir a melhor log\u00edstica de transporte. 2.\u00a0Analisar os volumes \u2013 contabilizamos todos os m\u00f3veis, os respetivos tamanhos, pesos e caracter\u00edsticas espec\u00edficas que exigem maior cuidado. 3.\u00a0Identificar a tipologia da casa \u2013 registamos o n\u00famero de divis\u00f5es e a complexidade da organiza\u00e7\u00e3o, garantindo que tudo ser\u00e1 embalado e transportado de forma eficiente. Com todas estas informa\u00e7\u00f5es, elaboramos um or\u00e7amento personalizado e transparente, ajustado \u00e0s necessidades da sua mudan\u00e7a, assegurando que cada detalhe ser\u00e1 tratado com profissionalismo e dedica\u00e7\u00e3o. 2. O que inclui este servi\u00e7o? Tudo o que precisa para a sua mudan\u00e7a est\u00e1 inclu\u00eddo: 1.\u00a0Visita t\u00e9cnica para or\u00e7amento \u2013 avaliamos o local, os acessos e os volumes para apresentar uma proposta justa e adequada, como citamos acima. 2.\u00a0Materiais de prote\u00e7\u00e3o e embalamento \u2013 fornecemos todo o material necess\u00e1rio, incluindo caixas de transporte (pequenas, m\u00e9dias e grandes), fita-cola, pl\u00e1stico bolha, cart\u00e3o canelado, pl\u00e1stico-filme, mantas de prote\u00e7\u00e3o e outros recursos essenciais para manter os seus bens seguros. 3.\u00a0Log\u00edstica completa \u2013 cuidamos de todo o processo de transporte, incluindo os valores de desloca\u00e7\u00e3o, combust\u00edvel e portagens. Com este servi\u00e7o, n\u00e3o precisa preocupar-se com nada: n\u00f3s tratamos de cada detalhe, desde a desmontagem e embalamento at\u00e9 a entrega segura no destino. Solicite um or\u00e7amento<\/p>","protected":false},"author":2,"featured_media":0,"parent":0,"menu_order":0,"comment_status":"closed","ping_status":"closed","template":"elementor_header_footer","meta":{"footnotes":""},"class_list":["post-1481","page","type-page","status-publish","hentry"],"_links":{"self":[{"href":"https:\/\/casanovaexpress.pt\/en\/wp-json\/wp\/v2\/pages\/1481","targetHints":{"allow":["GET"]}}],"collection":[{"href":"https:\/\/casanovaexpress.pt\/en\/wp-json\/wp\/v2\/pages"}],"about":[{"href":"https:\/\/casanovaexpress.pt\/en\/wp-json\/wp\/v2\/types\/page"}],"author":[{"embeddable":true,"href":"https:\/\/casanovaexpress.pt\/en\/wp-json\/wp\/v2\/users\/2"}],"replies":[{"embeddable":true,"href":"https:\/\/casanovaexpress.pt\/en\/wp-json\/wp\/v2\/comments?post=1481"}],"version-history":[{"count":107,"href":"https:\/\/casanovaexpress.pt\/en\/wp-json\/wp\/v2\/pages\/1481\/revisions"}],"predecessor-version":[{"id":1997,"href":"https:\/\/casanovaexpress.pt\/en\/wp-json\/wp\/v2\/pages\/1481\/revisions\/1997"}],"wp:attachment":[{"href":"https:\/\/casanovaexpress.pt\/en\/wp-json\/wp\/v2\/media?parent=1481"}],"curies":[{"name":"wp","href":"https:\/\/api.w.org\/{rel}","templated":true}]}}